{"id":335,"date":"2019-03-01T12:12:14","date_gmt":"2019-03-01T11:12:14","guid":{"rendered":"https:\/\/ssisoftware.es\/?page_id=335"},"modified":"2019-06-27T00:00:20","modified_gmt":"2019-06-26T22:00:20","slug":"erpim-sga","status":"publish","type":"page","link":"http:\/\/ssisoftware.es\/?page_id=335","title":{"rendered":"Erpim sga"},"content":{"rendered":"\t\t<div data-elementor-type=\"post\" data-elementor-id=\"335\" class=\"elementor elementor-335 elementor-bc-flex-widget\" data-elementor-settings=\"[]\">\n\t\t\t<div class=\"elementor-inner\">\n\t\t\t\t<div class=\"elementor-section-wrap\">\n\t\t\t\t\t\t\t<section class=\"elementor-element elementor-element-afe6d51 elementor-section-boxed elementor-section-height-default elementor-section-height-default elementor-section elementor-top-section\" data-id=\"afe6d51\" data-element_type=\"section\">\n\t\t\t\t\t\t<div class=\"elementor-container elementor-column-gap-default\">\n\t\t\t\t<div class=\"elementor-row\">\n\t\t\t\t<div class=\"elementor-element elementor-element-5ce554d elementor-column elementor-col-50 elementor-top-column\" data-id=\"5ce554d\" data-element_type=\"column\">\n\t\t\t<div class=\"elementor-column-wrap  elementor-element-populated\">\n\t\t\t\t\t<div class=\"elementor-widget-wrap\">\n\t\t\t\t<div class=\"elementor-element elementor-element-73030f4 elementor-widget elementor-widget-text-editor\" data-id=\"73030f4\" data-element_type=\"widget\" data-widget_type=\"text-editor.default\">\n\t\t\t\t<div class=\"elementor-widget-container\">\n\t\t\t\t\t<div class=\"elementor-text-editor elementor-clearfix\"><h3><span style=\"color: #00aff2;\">Erpim SGA<\/span><br \/><br \/><\/h3><p>Es una aplicaci\u00f3n para dispositivos Android con la que podr\u00e1 mejorar la gesti\u00f3n y control de los procesos propios de los almacenes mediante la toma de datos en terminales m\u00f3viles conectados por wifi y equipados con lectores de c\u00f3digo de barras.<\/p><\/div>\n\t\t\t\t<\/div>\n\t\t\t\t<\/div>\n\t\t\t\t\t\t<\/div>\n\t\t\t<\/div>\n\t\t<\/div>\n\t\t\t\t<div class=\"elementor-element elementor-element-78f8162 elementor-column elementor-col-50 elementor-top-column\" data-id=\"78f8162\" data-element_type=\"column\">\n\t\t\t<div class=\"elementor-column-wrap  elementor-element-populated\">\n\t\t\t\t\t<div class=\"elementor-widget-wrap\">\n\t\t\t\t<div class=\"elementor-element elementor-element-dda7b96 elementor-widget elementor-widget-image\" data-id=\"dda7b96\" data-element_type=\"widget\" data-widget_type=\"image.default\">\n\t\t\t\t<div class=\"elementor-widget-container\">\n\t\t\t\t\t<div class=\"elementor-image\">\n\t\t\t\t\t\t\t\t\t\t<img width=\"511\" height=\"334\" src=\"http:\/\/ssisoftware.es\/wp-content\/uploads\/2019\/03\/LOGO_ERPIM_SGA.png\" class=\"attachment-large size-large\" alt=\"\" loading=\"lazy\" srcset=\"http:\/\/ssisoftware.es\/wp-content\/uploads\/2019\/03\/LOGO_ERPIM_SGA.png 511w, http:\/\/ssisoftware.es\/wp-content\/uploads\/2019\/03\/LOGO_ERPIM_SGA-300x196.png 300w\" sizes=\"(max-width: 511px) 100vw, 511px\" \/>\t\t\t\t\t\t\t\t\t\t\t<\/div>\n\t\t\t\t<\/div>\n\t\t\t\t<\/div>\n\t\t\t\t\t\t<\/div>\n\t\t\t<\/div>\n\t\t<\/div>\n\t\t\t\t\t\t<\/div>\n\t\t\t<\/div>\n\t\t<\/section>\n\t\t\t\t<section class=\"elementor-element elementor-element-dcbd48b elementor-section-boxed elementor-section-height-default elementor-section-height-default elementor-section elementor-top-section\" data-id=\"dcbd48b\" data-element_type=\"section\">\n\t\t\t\t\t\t<div class=\"elementor-container elementor-column-gap-default\">\n\t\t\t\t<div class=\"elementor-row\">\n\t\t\t\t<div class=\"elementor-element elementor-element-ed20294 elementor-column elementor-col-100 elementor-top-column\" data-id=\"ed20294\" data-element_type=\"column\">\n\t\t\t<div class=\"elementor-column-wrap\">\n\t\t\t\t\t<div class=\"elementor-widget-wrap\">\n\t\t\t\t\t\t<\/div>\n\t\t\t<\/div>\n\t\t<\/div>\n\t\t\t\t\t\t<\/div>\n\t\t\t<\/div>\n\t\t<\/section>\n\t\t\t\t<section class=\"elementor-element elementor-element-27a2ee1 elementor-section-boxed elementor-section-height-default elementor-section-height-default elementor-section elementor-top-section\" data-id=\"27a2ee1\" data-element_type=\"section\">\n\t\t\t\t\t\t<div class=\"elementor-container elementor-column-gap-default\">\n\t\t\t\t<div class=\"elementor-row\">\n\t\t\t\t<div class=\"elementor-element elementor-element-bf2d691 elementor-column elementor-col-50 elementor-top-column\" data-id=\"bf2d691\" data-element_type=\"column\">\n\t\t\t<div class=\"elementor-column-wrap  elementor-element-populated\">\n\t\t\t\t\t<div class=\"elementor-widget-wrap\">\n\t\t\t\t<div class=\"elementor-element elementor-element-426ef06 elementor-widget elementor-widget-image\" data-id=\"426ef06\" data-element_type=\"widget\" data-widget_type=\"image.default\">\n\t\t\t\t<div class=\"elementor-widget-container\">\n\t\t\t\t\t<div class=\"elementor-image\">\n\t\t\t\t\t\t\t\t\t\t<img width=\"320\" height=\"605\" src=\"http:\/\/ssisoftware.es\/wp-content\/uploads\/2019\/03\/ERPIM_SGA_TERMINAL.png\" class=\"attachment-large size-large\" alt=\"\" loading=\"lazy\" srcset=\"http:\/\/ssisoftware.es\/wp-content\/uploads\/2019\/03\/ERPIM_SGA_TERMINAL.png 320w, http:\/\/ssisoftware.es\/wp-content\/uploads\/2019\/03\/ERPIM_SGA_TERMINAL-159x300.png 159w\" sizes=\"(max-width: 320px) 100vw, 320px\" \/>\t\t\t\t\t\t\t\t\t\t\t<\/div>\n\t\t\t\t<\/div>\n\t\t\t\t<\/div>\n\t\t\t\t\t\t<\/div>\n\t\t\t<\/div>\n\t\t<\/div>\n\t\t\t\t<div class=\"elementor-element elementor-element-91cbdde elementor-column elementor-col-50 elementor-top-column\" data-id=\"91cbdde\" data-element_type=\"column\">\n\t\t\t<div class=\"elementor-column-wrap  elementor-element-populated\">\n\t\t\t\t\t<div class=\"elementor-widget-wrap\">\n\t\t\t\t<div class=\"elementor-element elementor-element-52b687c elementor-widget elementor-widget-text-editor\" data-id=\"52b687c\" data-element_type=\"widget\" data-widget_type=\"text-editor.default\">\n\t\t\t\t<div class=\"elementor-widget-container\">\n\t\t\t\t\t<div class=\"elementor-text-editor elementor-clearfix\"><h3>VENTAJAS<\/h3><p><br \/><i class=\"fa fa-check\" aria-hidden=\"true\"><\/i> Disminuci\u00f3n de errores.<br \/><i class=\"fa fa-check\" aria-hidden=\"true\"><\/i> Aumenta la productividad y calidad en el trabajo.<br \/><i class=\"fa fa-check\" aria-hidden=\"true\"><\/i> Trazabilidad de los materiales.<br \/><i class=\"fa fa-check\" aria-hidden=\"true\"><\/i> Stock siempre actualizado.<br \/><i class=\"fa fa-check\" aria-hidden=\"true\"><\/i> Optimizaci\u00f3n de los procesos de recepci\u00f3n de materiales.<br \/><i class=\"fa fa-check\" aria-hidden=\"true\"><\/i> Realizar inventarios y regularizaciones de forma r\u00e1pida y eficiente.<br \/><i class=\"fa fa-check\" aria-hidden=\"true\"><\/i> F\u00e1cil control de lotes, n\u00fameros de serie y fechas de caducidad.<br \/><i class=\"fa fa-check\" aria-hidden=\"true\"><\/i> R\u00e1pido retorno de la inversi\u00f3n.<\/p><\/div>\n\t\t\t\t<\/div>\n\t\t\t\t<\/div>\n\t\t\t\t\t\t<\/div>\n\t\t\t<\/div>\n\t\t<\/div>\n\t\t\t\t\t\t<\/div>\n\t\t\t<\/div>\n\t\t<\/section>\n\t\t\t\t\t\t<\/div>\n\t\t\t<\/div>\n\t\t<\/div>\n\t\t","protected":false},"excerpt":{"rendered":"<p>Erpim SGA Es una aplicaci\u00f3n para dispositivos Android con la que podr\u00e1 mejorar la gesti\u00f3n y control de los procesos propios de los almacenes mediante la toma de datos en terminales m\u00f3viles conectados por wifi y equipados con lectores de c\u00f3digo de barras. VENTAJAS Disminuci\u00f3n de errores. Aumenta la productividad y calidad en el trabajo. &hellip;<\/p>\n<p class=\"read-more\"> <a class=\"\" href=\"http:\/\/ssisoftware.es\/?page_id=335\"> <span class=\"screen-reader-text\">Erpim sga<\/span> Leer m\u00e1s &raquo;<\/a><\/p>\n","protected":false},"author":1,"featured_media":0,"parent":0,"menu_order":0,"comment_status":"closed","ping_status":"closed","template":"","meta":[],"_links":{"self":[{"href":"http:\/\/ssisoftware.es\/index.php?rest_route=\/wp\/v2\/pages\/335"}],"collection":[{"href":"http:\/\/ssisoftware.es\/index.php?rest_route=\/wp\/v2\/pages"}],"about":[{"href":"http:\/\/ssisoftware.es\/index.php?rest_route=\/wp\/v2\/types\/page"}],"author":[{"embeddable":true,"href":"http:\/\/ssisoftware.es\/index.php?rest_route=\/wp\/v2\/users\/1"}],"replies":[{"embeddable":true,"href":"http:\/\/ssisoftware.es\/index.php?rest_route=%2Fwp%2Fv2%2Fcomments&post=335"}],"version-history":[{"count":3,"href":"http:\/\/ssisoftware.es\/index.php?rest_route=\/wp\/v2\/pages\/335\/revisions"}],"predecessor-version":[{"id":549,"href":"http:\/\/ssisoftware.es\/index.php?rest_route=\/wp\/v2\/pages\/335\/revisions\/549"}],"wp:attachment":[{"href":"http:\/\/ssisoftware.es\/index.php?rest_route=%2Fwp%2Fv2%2Fmedia&parent=335"}],"curies":[{"name":"wp","href":"https:\/\/api.w.org\/{rel}","templated":true}]}}